{"id":40,"date":"2024-10-01T17:50:02","date_gmt":"2024-10-01T17:50:02","guid":{"rendered":"https:\/\/omecom.com.mx\/servicios\/"},"modified":"2025-09-26T01:56:41","modified_gmt":"2025-09-26T01:56:41","slug":"servicios","status":"publish","type":"page","link":"https:\/\/omecom.com.mx\/en\/servicios\/","title":{"rendered":"Services"},"content":{"rendered":"<div class=\"wp-block-columns alignwide is-layout-flex wp-container-core-columns-is-layout-28f84493 wp-block-columns-is-layout-flex\">\n<div class=\"wp-block-column is-layout-flow wp-block-column-is-layout-flow\">\n<figure class=\"wp-block-image size-large is-style-default\"><img loading=\"lazy\" decoding=\"async\" width=\"1024\" height=\"1024\" src=\"https:\/\/omecom.com.mx\/wp-content\/uploads\/2024\/10\/46B41475-8E08-41F1-BAC3-1CDE40B50EB4-1-1024x1024.jpg\" alt=\"\" class=\"wp-image-251\" srcset=\"https:\/\/omecom.com.mx\/wp-content\/uploads\/2024\/10\/46B41475-8E08-41F1-BAC3-1CDE40B50EB4-1-1024x1024.jpg 1024w, https:\/\/omecom.com.mx\/wp-content\/uploads\/2024\/10\/46B41475-8E08-41F1-BAC3-1CDE40B50EB4-1-300x300.jpg 300w, https:\/\/omecom.com.mx\/wp-content\/uploads\/2024\/10\/46B41475-8E08-41F1-BAC3-1CDE40B50EB4-1-150x150.jpg 150w, https:\/\/omecom.com.mx\/wp-content\/uploads\/2024\/10\/46B41475-8E08-41F1-BAC3-1CDE40B50EB4-1-768x768.jpg 768w, https:\/\/omecom.com.mx\/wp-content\/uploads\/2024\/10\/46B41475-8E08-41F1-BAC3-1CDE40B50EB4-1.jpg 1080w\" sizes=\"auto, (max-width: 1024px) 100vw, 1024px\" \/><\/figure>\n\n\n\n<h3 class=\"wp-block-heading has-text-align-center\"><a href=\"https:\/\/omecom.com.mx\/en\/diseno-e-ilustracion\/\">Design and illustration<\/a><\/h3>\n\n\n\n<p class=\"has-text-align-center\">From print and corporate advertising to the visual construction of complete advertising campaigns<\/p>\n<\/div>\n\n\n\n<div class=\"wp-block-column is-layout-flow wp-block-column-is-layout-flow\">\n<figure class=\"wp-block-image size-full is-style-default\"><img loading=\"lazy\" decoding=\"async\" width=\"1080\" height=\"1080\" src=\"https:\/\/omecom.com.mx\/wp-content\/uploads\/2024\/10\/PRODUCCION-AUDIOVISUAL.jpg\" alt=\"\" class=\"wp-image-242\" srcset=\"https:\/\/omecom.com.mx\/wp-content\/uploads\/2024\/10\/PRODUCCION-AUDIOVISUAL.jpg 1080w, https:\/\/omecom.com.mx\/wp-content\/uploads\/2024\/10\/PRODUCCION-AUDIOVISUAL-300x300.jpg 300w, https:\/\/omecom.com.mx\/wp-content\/uploads\/2024\/10\/PRODUCCION-AUDIOVISUAL-1024x1024.jpg 1024w, https:\/\/omecom.com.mx\/wp-content\/uploads\/2024\/10\/PRODUCCION-AUDIOVISUAL-150x150.jpg 150w, https:\/\/omecom.com.mx\/wp-content\/uploads\/2024\/10\/PRODUCCION-AUDIOVISUAL-768x768.jpg 768w\" sizes=\"auto, (max-width: 1080px) 100vw, 1080px\" \/><\/figure>\n\n\n\n<h3 class=\"wp-block-heading has-text-align-center\"><a href=\"https:\/\/omecom.com.mx\/en\/servicios\/produccion-audiovisual-2\/\">Audiovisual production<\/a><\/h3>\n\n\n\n<p class=\"has-text-align-center\">Develop creative and original visual concepts. From script writing to a completed video.<\/p>\n<\/div>\n\n\n\n<div class=\"wp-block-column is-layout-flow wp-block-column-is-layout-flow\">\n<figure class=\"wp-block-image size-full is-style-default\"><img loading=\"lazy\" decoding=\"async\" width=\"1080\" height=\"1080\" src=\"https:\/\/omecom.com.mx\/wp-content\/uploads\/2024\/10\/Photoroom_20241016_093350.png\" alt=\"\" class=\"wp-image-268\" srcset=\"https:\/\/omecom.com.mx\/wp-content\/uploads\/2024\/10\/Photoroom_20241016_093350.png 1080w, https:\/\/omecom.com.mx\/wp-content\/uploads\/2024\/10\/Photoroom_20241016_093350-300x300.png 300w, https:\/\/omecom.com.mx\/wp-content\/uploads\/2024\/10\/Photoroom_20241016_093350-1024x1024.png 1024w, https:\/\/omecom.com.mx\/wp-content\/uploads\/2024\/10\/Photoroom_20241016_093350-150x150.png 150w, https:\/\/omecom.com.mx\/wp-content\/uploads\/2024\/10\/Photoroom_20241016_093350-768x768.png 768w\" sizes=\"auto, (max-width: 1080px) 100vw, 1080px\" \/><\/figure>\n\n\n\n<h3 class=\"wp-block-heading has-text-align-center\"><a href=\"https:\/\/omecom.com.mx\/en\/propiedad-intelectual\/\">Intellectual property<\/a><\/h3>\n\n\n\n<p class=\"has-text-align-center\">Registration of trademarks, notices, and publication of trade names before the Mexican Institute of Industrial Property (IMPI)<\/p>\n<\/div>\n<\/div>\n\n\n\n<div class=\"wp-block-columns alignwide is-layout-flex wp-container-core-columns-is-layout-28f84493 wp-block-columns-is-layout-flex\">\n<div class=\"wp-block-column is-layout-flow wp-block-column-is-layout-flow\">\n<figure class=\"wp-block-image size-full is-style-default\"><img loading=\"lazy\" decoding=\"async\" width=\"1080\" height=\"1080\" src=\"https:\/\/omecom.com.mx\/wp-content\/uploads\/2024\/10\/COMMUNITY-MANAGER.jpg\" alt=\"\" class=\"wp-image-269\" srcset=\"https:\/\/omecom.com.mx\/wp-content\/uploads\/2024\/10\/COMMUNITY-MANAGER.jpg 1080w, https:\/\/omecom.com.mx\/wp-content\/uploads\/2024\/10\/COMMUNITY-MANAGER-300x300.jpg 300w, https:\/\/omecom.com.mx\/wp-content\/uploads\/2024\/10\/COMMUNITY-MANAGER-1024x1024.jpg 1024w, https:\/\/omecom.com.mx\/wp-content\/uploads\/2024\/10\/COMMUNITY-MANAGER-150x150.jpg 150w, https:\/\/omecom.com.mx\/wp-content\/uploads\/2024\/10\/COMMUNITY-MANAGER-768x768.jpg 768w\" sizes=\"auto, (max-width: 1080px) 100vw, 1080px\" \/><\/figure>\n\n\n\n<h3 class=\"wp-block-heading has-text-align-center\"><a href=\"https:\/\/omecom.com.mx\/en\/servicios\/marketing-digital\/\">Digital marketing<\/a><\/h3>\n\n\n\n<p class=\"has-text-align-center\"><\/p>\n<\/div>\n\n\n\n<div class=\"wp-block-column is-layout-flow wp-block-column-is-layout-flow\">\n<figure class=\"wp-block-image size-large\"><img loading=\"lazy\" decoding=\"async\" width=\"1024\" height=\"1024\" src=\"https:\/\/omecom.com.mx\/wp-content\/uploads\/2024\/10\/EditorialPlanetaDiciembre_09-1024x1024.jpg\" alt=\"\" class=\"wp-image-129\" srcset=\"https:\/\/omecom.com.mx\/wp-content\/uploads\/2024\/10\/EditorialPlanetaDiciembre_09-1024x1024.jpg 1024w, https:\/\/omecom.com.mx\/wp-content\/uploads\/2024\/10\/EditorialPlanetaDiciembre_09-300x300.jpg 300w, https:\/\/omecom.com.mx\/wp-content\/uploads\/2024\/10\/EditorialPlanetaDiciembre_09-150x150.jpg 150w, https:\/\/omecom.com.mx\/wp-content\/uploads\/2024\/10\/EditorialPlanetaDiciembre_09-768x768.jpg 768w, https:\/\/omecom.com.mx\/wp-content\/uploads\/2024\/10\/EditorialPlanetaDiciembre_09-1536x1536.jpg 1536w, https:\/\/omecom.com.mx\/wp-content\/uploads\/2024\/10\/EditorialPlanetaDiciembre_09-2048x2048.jpg 2048w\" sizes=\"auto, (max-width: 1024px) 100vw, 1024px\" \/><\/figure>\n\n\n\n<h3 class=\"wp-block-heading has-text-align-center\"><a href=\"https:\/\/omecom.com.mx\/en\/servicios\/branding-e-identidad-visual\/\">Branding and visual identity<\/a><\/h3>\n\n\n\n<p class=\"has-text-align-center\">Your brand must be recognized and remembered.<\/p>\n<\/div>\n\n\n\n<div class=\"wp-block-column is-layout-flow wp-block-column-is-layout-flow\">\n<figure class=\"wp-block-image size-full is-style-default\"><img loading=\"lazy\" decoding=\"async\" width=\"1080\" height=\"1080\" src=\"https:\/\/omecom.com.mx\/wp-content\/uploads\/2024\/10\/SOCIAL-MEDIA.jpg\" alt=\"\" class=\"wp-image-322\" srcset=\"https:\/\/omecom.com.mx\/wp-content\/uploads\/2024\/10\/SOCIAL-MEDIA.jpg 1080w, https:\/\/omecom.com.mx\/wp-content\/uploads\/2024\/10\/SOCIAL-MEDIA-300x300.jpg 300w, https:\/\/omecom.com.mx\/wp-content\/uploads\/2024\/10\/SOCIAL-MEDIA-1024x1024.jpg 1024w, https:\/\/omecom.com.mx\/wp-content\/uploads\/2024\/10\/SOCIAL-MEDIA-150x150.jpg 150w, https:\/\/omecom.com.mx\/wp-content\/uploads\/2024\/10\/SOCIAL-MEDIA-768x768.jpg 768w\" sizes=\"auto, (max-width: 1080px) 100vw, 1080px\" \/><\/figure>\n\n\n\n<h3 class=\"wp-block-heading has-text-align-center\"><a href=\"https:\/\/omecom.com.mx\/en\/servicios\/social-media\/\">Social media<\/a><\/h3>\n\n\n\n<p class=\"has-text-align-center\">We design strategies to build, manage, monitor, and administer healthy, active, and engaging digital communities.<\/p>\n<\/div>\n<\/div>","protected":false},"excerpt":{"rendered":"<p>Dise\u00f1o e ilustraci\u00f3n Desde publicidad impresa y empresarial, hasta la construcci\u00f3n visual de campa\u00f1as completas de publicidad Producci\u00f3n audiovisual Desarrollamos conceptos visuales creativos y originales. Desde la escritura de un gui\u00f3n, hasta el video completo Propiedad intelectual Registro de marcas, avisos y publicaci\u00f3n de nombres comerciales ante el Instituto Mexicano de la Propiedad Industrial (IMPI) [&hellip;]<\/p>\n","protected":false},"author":1,"featured_media":0,"parent":0,"menu_order":0,"comment_status":"closed","ping_status":"closed","template":"","meta":{"_coblocks_attr":"","_coblocks_dimensions":"","_coblocks_responsive_height":"","_coblocks_accordion_ie_support":"","footnotes":""},"class_list":["post-40","page","type-page","status-publish","hentry"],"yoast_head":"<!-- This site is optimized with the Yoast SEO plugin v27.6 - https:\/\/yoast.com\/product\/yoast-seo-wordpress\/ -->\n<title>Servicios - OMECOM<\/title>\n<meta name=\"robots\" content=\"index, follow, max-snippet:-1, max-image-preview:large, max-video-preview:-1\" \/>\n<link rel=\"canonical\" href=\"https:\/\/omecom.com.mx\/en\/servicios\/\" \/>\n<meta property=\"og:locale\" content=\"en_US\" \/>\n<meta property=\"og:type\" content=\"article\" \/>\n<meta property=\"og:title\" content=\"Servicios - OMECOM\" \/>\n<meta property=\"og:description\" content=\"Dise\u00f1o e ilustraci\u00f3n Desde publicidad impresa y empresarial, hasta la construcci\u00f3n visual de campa\u00f1as completas de publicidad Producci\u00f3n audiovisual Desarrollamos conceptos visuales creativos y originales. Desde la escritura de un gui\u00f3n, hasta el video completo Propiedad intelectual Registro de marcas, avisos y publicaci\u00f3n de nombres comerciales ante el Instituto Mexicano de la Propiedad Industrial (IMPI) [&hellip;]\" \/>\n<meta property=\"og:url\" content=\"https:\/\/omecom.com.mx\/en\/servicios\/\" \/>\n<meta property=\"og:site_name\" content=\"OMECOM\" \/>\n<meta property=\"article:modified_time\" content=\"2025-09-26T01:56:41+00:00\" \/>\n<meta property=\"og:image\" content=\"https:\/\/omecom.com.mx\/wp-content\/uploads\/2024\/10\/46B41475-8E08-41F1-BAC3-1CDE40B50EB4-1.jpg\" \/>\n\t<meta property=\"og:image:width\" content=\"1080\" \/>\n\t<meta property=\"og:image:height\" content=\"1080\" \/>\n\t<meta property=\"og:image:type\" content=\"image\/jpeg\" \/>\n<meta name=\"twitter:card\" content=\"summary_large_image\" \/>\n<meta name=\"twitter:label1\" content=\"Est. reading time\" \/>\n\t<meta name=\"twitter:data1\" content=\"2 minutes\" \/>\n<script type=\"application\/ld+json\" class=\"yoast-schema-graph\">{\"@context\":\"https:\\\/\\\/schema.org\",\"@graph\":[{\"@type\":\"WebPage\",\"@id\":\"https:\\\/\\\/omecom.com.mx\\\/servicios\\\/\",\"url\":\"https:\\\/\\\/omecom.com.mx\\\/servicios\\\/\",\"name\":\"Servicios - OMECOM\",\"isPartOf\":{\"@id\":\"https:\\\/\\\/omecom.com.mx\\\/#website\"},\"primaryImageOfPage\":{\"@id\":\"https:\\\/\\\/omecom.com.mx\\\/servicios\\\/#primaryimage\"},\"image\":{\"@id\":\"https:\\\/\\\/omecom.com.mx\\\/servicios\\\/#primaryimage\"},\"thumbnailUrl\":\"https:\\\/\\\/omecom.com.mx\\\/wp-content\\\/uploads\\\/2024\\\/10\\\/46B41475-8E08-41F1-BAC3-1CDE40B50EB4-1-1024x1024.jpg\",\"datePublished\":\"2024-10-01T17:50:02+00:00\",\"dateModified\":\"2025-09-26T01:56:41+00:00\",\"breadcrumb\":{\"@id\":\"https:\\\/\\\/omecom.com.mx\\\/servicios\\\/#breadcrumb\"},\"inLanguage\":\"en-US\",\"potentialAction\":[{\"@type\":\"ReadAction\",\"target\":[\"https:\\\/\\\/omecom.com.mx\\\/servicios\\\/\"]}]},{\"@type\":\"ImageObject\",\"inLanguage\":\"en-US\",\"@id\":\"https:\\\/\\\/omecom.com.mx\\\/servicios\\\/#primaryimage\",\"url\":\"https:\\\/\\\/omecom.com.mx\\\/wp-content\\\/uploads\\\/2024\\\/10\\\/46B41475-8E08-41F1-BAC3-1CDE40B50EB4-1-1024x1024.jpg\",\"contentUrl\":\"https:\\\/\\\/omecom.com.mx\\\/wp-content\\\/uploads\\\/2024\\\/10\\\/46B41475-8E08-41F1-BAC3-1CDE40B50EB4-1-1024x1024.jpg\"},{\"@type\":\"BreadcrumbList\",\"@id\":\"https:\\\/\\\/omecom.com.mx\\\/servicios\\\/#breadcrumb\",\"itemListElement\":[{\"@type\":\"ListItem\",\"position\":1,\"name\":\"Home\",\"item\":\"https:\\\/\\\/omecom.com.mx\\\/\"},{\"@type\":\"ListItem\",\"position\":2,\"name\":\"Servicios\"}]},{\"@type\":\"WebSite\",\"@id\":\"https:\\\/\\\/omecom.com.mx\\\/#website\",\"url\":\"https:\\\/\\\/omecom.com.mx\\\/\",\"name\":\"OMECOM\",\"description\":\"Agencia de comunicaci\u00f3n, publicidad, redes sociales, marketing y propiedad intelectual\",\"publisher\":{\"@id\":\"https:\\\/\\\/omecom.com.mx\\\/#organization\"},\"potentialAction\":[{\"@type\":\"SearchAction\",\"target\":{\"@type\":\"EntryPoint\",\"urlTemplate\":\"https:\\\/\\\/omecom.com.mx\\\/?s={search_term_string}\"},\"query-input\":{\"@type\":\"PropertyValueSpecification\",\"valueRequired\":true,\"valueName\":\"search_term_string\"}}],\"inLanguage\":\"en-US\"},{\"@type\":\"Organization\",\"@id\":\"https:\\\/\\\/omecom.com.mx\\\/#organization\",\"name\":\"OMECOM\",\"url\":\"https:\\\/\\\/omecom.com.mx\\\/\",\"logo\":{\"@type\":\"ImageObject\",\"inLanguage\":\"en-US\",\"@id\":\"https:\\\/\\\/omecom.com.mx\\\/#\\\/schema\\\/logo\\\/image\\\/\",\"url\":\"https:\\\/\\\/omecom.com.mx\\\/wp-content\\\/uploads\\\/2024\\\/10\\\/cropped-LOGO-OMECOM-_-CUADRADO-1-1.png\",\"contentUrl\":\"https:\\\/\\\/omecom.com.mx\\\/wp-content\\\/uploads\\\/2024\\\/10\\\/cropped-LOGO-OMECOM-_-CUADRADO-1-1.png\",\"width\":512,\"height\":512,\"caption\":\"OMECOM\"},\"image\":{\"@id\":\"https:\\\/\\\/omecom.com.mx\\\/#\\\/schema\\\/logo\\\/image\\\/\"}}]}<\/script>\n<!-- \/ Yoast SEO plugin. -->","yoast_head_json":{"title":"Servicios - OMECOM","robots":{"index":"index","follow":"follow","max-snippet":"max-snippet:-1","max-image-preview":"max-image-preview:large","max-video-preview":"max-video-preview:-1"},"canonical":"https:\/\/omecom.com.mx\/en\/servicios\/","og_locale":"en_US","og_type":"article","og_title":"Servicios - OMECOM","og_description":"Dise\u00f1o e ilustraci\u00f3n Desde publicidad impresa y empresarial, hasta la construcci\u00f3n visual de campa\u00f1as completas de publicidad Producci\u00f3n audiovisual Desarrollamos conceptos visuales creativos y originales. Desde la escritura de un gui\u00f3n, hasta el video completo Propiedad intelectual Registro de marcas, avisos y publicaci\u00f3n de nombres comerciales ante el Instituto Mexicano de la Propiedad Industrial (IMPI) [&hellip;]","og_url":"https:\/\/omecom.com.mx\/en\/servicios\/","og_site_name":"OMECOM","article_modified_time":"2025-09-26T01:56:41+00:00","og_image":[{"width":1080,"height":1080,"url":"https:\/\/omecom.com.mx\/wp-content\/uploads\/2024\/10\/46B41475-8E08-41F1-BAC3-1CDE40B50EB4-1.jpg","type":"image\/jpeg"}],"twitter_card":"summary_large_image","twitter_misc":{"Est. reading time":"2 minutes"},"schema":{"@context":"https:\/\/schema.org","@graph":[{"@type":"WebPage","@id":"https:\/\/omecom.com.mx\/servicios\/","url":"https:\/\/omecom.com.mx\/servicios\/","name":"Servicios - OMECOM","isPartOf":{"@id":"https:\/\/omecom.com.mx\/#website"},"primaryImageOfPage":{"@id":"https:\/\/omecom.com.mx\/servicios\/#primaryimage"},"image":{"@id":"https:\/\/omecom.com.mx\/servicios\/#primaryimage"},"thumbnailUrl":"https:\/\/omecom.com.mx\/wp-content\/uploads\/2024\/10\/46B41475-8E08-41F1-BAC3-1CDE40B50EB4-1-1024x1024.jpg","datePublished":"2024-10-01T17:50:02+00:00","dateModified":"2025-09-26T01:56:41+00:00","breadcrumb":{"@id":"https:\/\/omecom.com.mx\/servicios\/#breadcrumb"},"inLanguage":"en-US","potentialAction":[{"@type":"ReadAction","target":["https:\/\/omecom.com.mx\/servicios\/"]}]},{"@type":"ImageObject","inLanguage":"en-US","@id":"https:\/\/omecom.com.mx\/servicios\/#primaryimage","url":"https:\/\/omecom.com.mx\/wp-content\/uploads\/2024\/10\/46B41475-8E08-41F1-BAC3-1CDE40B50EB4-1-1024x1024.jpg","contentUrl":"https:\/\/omecom.com.mx\/wp-content\/uploads\/2024\/10\/46B41475-8E08-41F1-BAC3-1CDE40B50EB4-1-1024x1024.jpg"},{"@type":"BreadcrumbList","@id":"https:\/\/omecom.com.mx\/servicios\/#breadcrumb","itemListElement":[{"@type":"ListItem","position":1,"name":"Home","item":"https:\/\/omecom.com.mx\/"},{"@type":"ListItem","position":2,"name":"Servicios"}]},{"@type":"WebSite","@id":"https:\/\/omecom.com.mx\/#website","url":"https:\/\/omecom.com.mx\/","name":"OMECOM","description":"Agencia de comunicaci\u00f3n, publicidad, redes sociales, marketing y propiedad intelectual","publisher":{"@id":"https:\/\/omecom.com.mx\/#organization"},"potentialAction":[{"@type":"SearchAction","target":{"@type":"EntryPoint","urlTemplate":"https:\/\/omecom.com.mx\/?s={search_term_string}"},"query-input":{"@type":"PropertyValueSpecification","valueRequired":true,"valueName":"search_term_string"}}],"inLanguage":"en-US"},{"@type":"Organization","@id":"https:\/\/omecom.com.mx\/#organization","name":"OMECOM","url":"https:\/\/omecom.com.mx\/","logo":{"@type":"ImageObject","inLanguage":"en-US","@id":"https:\/\/omecom.com.mx\/#\/schema\/logo\/image\/","url":"https:\/\/omecom.com.mx\/wp-content\/uploads\/2024\/10\/cropped-LOGO-OMECOM-_-CUADRADO-1-1.png","contentUrl":"https:\/\/omecom.com.mx\/wp-content\/uploads\/2024\/10\/cropped-LOGO-OMECOM-_-CUADRADO-1-1.png","width":512,"height":512,"caption":"OMECOM"},"image":{"@id":"https:\/\/omecom.com.mx\/#\/schema\/logo\/image\/"}}]}},"_links":{"self":[{"href":"https:\/\/omecom.com.mx\/en\/wp-json\/wp\/v2\/pages\/40","targetHints":{"allow":["GET"]}}],"collection":[{"href":"https:\/\/omecom.com.mx\/en\/wp-json\/wp\/v2\/pages"}],"about":[{"href":"https:\/\/omecom.com.mx\/en\/wp-json\/wp\/v2\/types\/page"}],"author":[{"embeddable":true,"href":"https:\/\/omecom.com.mx\/en\/wp-json\/wp\/v2\/users\/1"}],"replies":[{"embeddable":true,"href":"https:\/\/omecom.com.mx\/en\/wp-json\/wp\/v2\/comments?post=40"}],"version-history":[{"count":16,"href":"https:\/\/omecom.com.mx\/en\/wp-json\/wp\/v2\/pages\/40\/revisions"}],"predecessor-version":[{"id":324,"href":"https:\/\/omecom.com.mx\/en\/wp-json\/wp\/v2\/pages\/40\/revisions\/324"}],"wp:attachment":[{"href":"https:\/\/omecom.com.mx\/en\/wp-json\/wp\/v2\/media?parent=40"}],"curies":[{"name":"wp","href":"https:\/\/api.w.org\/{rel}","templated":true}]}}