{"id":305,"date":"2024-10-21T22:32:22","date_gmt":"2024-10-21T22:32:22","guid":{"rendered":"https:\/\/omecom.com.mx\/?page_id=305"},"modified":"2025-09-26T03:18:04","modified_gmt":"2025-09-26T03:18:04","slug":"social-media","status":"publish","type":"page","link":"https:\/\/omecom.com.mx\/en\/servicios\/social-media\/","title":{"rendered":"Social media"},"content":{"rendered":"<p class=\"has-text-align-center\" style=\"font-size:40px\"><\/p>\n\n\n\n<p>Community manager? Content manager? What's all that?! Don't worry, we're experts in content creation and management on social platforms like Instagram, TikTok, YouTube, Facebook, and Twitter. From creating content strategies to reporting the results, we make sure your brand, business, or personal profile communicates exactly what you want, with the necessary photos and videos and clear objectives that build healthy communities.<\/p>","protected":false},"excerpt":{"rendered":"<p>\u00bfCommunity manager? , \u00bfcontent manager? \u00a1\u00bfQu\u00e9 es todo eso?! Tranqui, somos expertos en creaci\u00f3n de contenidos y su gesti\u00f3n en plataformas sociales como Instagram, TikTok, Youtube, Facebook y Twitter. Desde crear estrategias de contenido, hasta reportar los resultados, nos encargamos de que tu marca, negocio o perfil personal comunique exactamente lo que quieres, con las [&hellip;]<\/p>\n","protected":false},"author":1,"featured_media":0,"parent":40,"menu_order":0,"comment_status":"closed","ping_status":"closed","template":"","meta":{"_coblocks_attr":"","_coblocks_dimensions":"","_coblocks_responsive_height":"","_coblocks_accordion_ie_support":"","footnotes":""},"class_list":["post-305","page","type-page","status-publish","hentry"],"yoast_head":"<!-- This site is optimized with the Yoast SEO plugin v27.6 - https:\/\/yoast.com\/product\/yoast-seo-wordpress\/ -->\n<title>Social media - OMECOM<\/title>\n<meta name=\"robots\" content=\"index, follow, max-snippet:-1, max-image-preview:large, max-video-preview:-1\" \/>\n<link rel=\"canonical\" href=\"https:\/\/omecom.com.mx\/en\/servicios\/social-media\/\" \/>\n<meta property=\"og:locale\" content=\"en_US\" \/>\n<meta property=\"og:type\" content=\"article\" \/>\n<meta property=\"og:title\" content=\"Social media - OMECOM\" \/>\n<meta property=\"og:description\" content=\"\u00bfCommunity manager? , \u00bfcontent manager? \u00a1\u00bfQu\u00e9 es todo eso?! Tranqui, somos expertos en creaci\u00f3n de contenidos y su gesti\u00f3n en plataformas sociales como Instagram, TikTok, Youtube, Facebook y Twitter. Desde crear estrategias de contenido, hasta reportar los resultados, nos encargamos de que tu marca, negocio o perfil personal comunique exactamente lo que quieres, con las [&hellip;]\" \/>\n<meta property=\"og:url\" content=\"https:\/\/omecom.com.mx\/en\/servicios\/social-media\/\" \/>\n<meta property=\"og:site_name\" content=\"OMECOM\" \/>\n<meta property=\"article:modified_time\" content=\"2025-09-26T03:18:04+00:00\" \/>\n<meta name=\"twitter:card\" content=\"summary_large_image\" \/>\n<meta name=\"twitter:label1\" content=\"Est. reading time\" \/>\n\t<meta name=\"twitter:data1\" content=\"1 minute\" \/>\n<script type=\"application\/ld+json\" class=\"yoast-schema-graph\">{\"@context\":\"https:\\\/\\\/schema.org\",\"@graph\":[{\"@type\":\"WebPage\",\"@id\":\"https:\\\/\\\/omecom.com.mx\\\/servicios\\\/social-media\\\/\",\"url\":\"https:\\\/\\\/omecom.com.mx\\\/servicios\\\/social-media\\\/\",\"name\":\"Social media - OMECOM\",\"isPartOf\":{\"@id\":\"https:\\\/\\\/omecom.com.mx\\\/#website\"},\"datePublished\":\"2024-10-21T22:32:22+00:00\",\"dateModified\":\"2025-09-26T03:18:04+00:00\",\"breadcrumb\":{\"@id\":\"https:\\\/\\\/omecom.com.mx\\\/servicios\\\/social-media\\\/#breadcrumb\"},\"inLanguage\":\"en-US\",\"potentialAction\":[{\"@type\":\"ReadAction\",\"target\":[\"https:\\\/\\\/omecom.com.mx\\\/servicios\\\/social-media\\\/\"]}]},{\"@type\":\"BreadcrumbList\",\"@id\":\"https:\\\/\\\/omecom.com.mx\\\/servicios\\\/social-media\\\/#breadcrumb\",\"itemListElement\":[{\"@type\":\"ListItem\",\"position\":1,\"name\":\"Home\",\"item\":\"https:\\\/\\\/omecom.com.mx\\\/\"},{\"@type\":\"ListItem\",\"position\":2,\"name\":\"Servicios\",\"item\":\"https:\\\/\\\/omecom.com.mx\\\/servicios\\\/\"},{\"@type\":\"ListItem\",\"position\":3,\"name\":\"Social media\"}]},{\"@type\":\"WebSite\",\"@id\":\"https:\\\/\\\/omecom.com.mx\\\/#website\",\"url\":\"https:\\\/\\\/omecom.com.mx\\\/\",\"name\":\"OMECOM\",\"description\":\"Agencia de comunicaci\u00f3n, publicidad, redes sociales, marketing y propiedad intelectual\",\"publisher\":{\"@id\":\"https:\\\/\\\/omecom.com.mx\\\/#organization\"},\"potentialAction\":[{\"@type\":\"SearchAction\",\"target\":{\"@type\":\"EntryPoint\",\"urlTemplate\":\"https:\\\/\\\/omecom.com.mx\\\/?s={search_term_string}\"},\"query-input\":{\"@type\":\"PropertyValueSpecification\",\"valueRequired\":true,\"valueName\":\"search_term_string\"}}],\"inLanguage\":\"en-US\"},{\"@type\":\"Organization\",\"@id\":\"https:\\\/\\\/omecom.com.mx\\\/#organization\",\"name\":\"OMECOM\",\"url\":\"https:\\\/\\\/omecom.com.mx\\\/\",\"logo\":{\"@type\":\"ImageObject\",\"inLanguage\":\"en-US\",\"@id\":\"https:\\\/\\\/omecom.com.mx\\\/#\\\/schema\\\/logo\\\/image\\\/\",\"url\":\"https:\\\/\\\/omecom.com.mx\\\/wp-content\\\/uploads\\\/2024\\\/10\\\/cropped-LOGO-OMECOM-_-CUADRADO-1-1.png\",\"contentUrl\":\"https:\\\/\\\/omecom.com.mx\\\/wp-content\\\/uploads\\\/2024\\\/10\\\/cropped-LOGO-OMECOM-_-CUADRADO-1-1.png\",\"width\":512,\"height\":512,\"caption\":\"OMECOM\"},\"image\":{\"@id\":\"https:\\\/\\\/omecom.com.mx\\\/#\\\/schema\\\/logo\\\/image\\\/\"}}]}<\/script>\n<!-- \/ Yoast SEO plugin. -->","yoast_head_json":{"title":"Social media - OMECOM","robots":{"index":"index","follow":"follow","max-snippet":"max-snippet:-1","max-image-preview":"max-image-preview:large","max-video-preview":"max-video-preview:-1"},"canonical":"https:\/\/omecom.com.mx\/en\/servicios\/social-media\/","og_locale":"en_US","og_type":"article","og_title":"Social media - OMECOM","og_description":"\u00bfCommunity manager? , \u00bfcontent manager? \u00a1\u00bfQu\u00e9 es todo eso?! Tranqui, somos expertos en creaci\u00f3n de contenidos y su gesti\u00f3n en plataformas sociales como Instagram, TikTok, Youtube, Facebook y Twitter. Desde crear estrategias de contenido, hasta reportar los resultados, nos encargamos de que tu marca, negocio o perfil personal comunique exactamente lo que quieres, con las [&hellip;]","og_url":"https:\/\/omecom.com.mx\/en\/servicios\/social-media\/","og_site_name":"OMECOM","article_modified_time":"2025-09-26T03:18:04+00:00","twitter_card":"summary_large_image","twitter_misc":{"Est. reading time":"1 minute"},"schema":{"@context":"https:\/\/schema.org","@graph":[{"@type":"WebPage","@id":"https:\/\/omecom.com.mx\/servicios\/social-media\/","url":"https:\/\/omecom.com.mx\/servicios\/social-media\/","name":"Social media - OMECOM","isPartOf":{"@id":"https:\/\/omecom.com.mx\/#website"},"datePublished":"2024-10-21T22:32:22+00:00","dateModified":"2025-09-26T03:18:04+00:00","breadcrumb":{"@id":"https:\/\/omecom.com.mx\/servicios\/social-media\/#breadcrumb"},"inLanguage":"en-US","potentialAction":[{"@type":"ReadAction","target":["https:\/\/omecom.com.mx\/servicios\/social-media\/"]}]},{"@type":"BreadcrumbList","@id":"https:\/\/omecom.com.mx\/servicios\/social-media\/#breadcrumb","itemListElement":[{"@type":"ListItem","position":1,"name":"Home","item":"https:\/\/omecom.com.mx\/"},{"@type":"ListItem","position":2,"name":"Servicios","item":"https:\/\/omecom.com.mx\/servicios\/"},{"@type":"ListItem","position":3,"name":"Social media"}]},{"@type":"WebSite","@id":"https:\/\/omecom.com.mx\/#website","url":"https:\/\/omecom.com.mx\/","name":"OMECOM","description":"Agencia de comunicaci\u00f3n, publicidad, redes sociales, marketing y propiedad intelectual","publisher":{"@id":"https:\/\/omecom.com.mx\/#organization"},"potentialAction":[{"@type":"SearchAction","target":{"@type":"EntryPoint","urlTemplate":"https:\/\/omecom.com.mx\/?s={search_term_string}"},"query-input":{"@type":"PropertyValueSpecification","valueRequired":true,"valueName":"search_term_string"}}],"inLanguage":"en-US"},{"@type":"Organization","@id":"https:\/\/omecom.com.mx\/#organization","name":"OMECOM","url":"https:\/\/omecom.com.mx\/","logo":{"@type":"ImageObject","inLanguage":"en-US","@id":"https:\/\/omecom.com.mx\/#\/schema\/logo\/image\/","url":"https:\/\/omecom.com.mx\/wp-content\/uploads\/2024\/10\/cropped-LOGO-OMECOM-_-CUADRADO-1-1.png","contentUrl":"https:\/\/omecom.com.mx\/wp-content\/uploads\/2024\/10\/cropped-LOGO-OMECOM-_-CUADRADO-1-1.png","width":512,"height":512,"caption":"OMECOM"},"image":{"@id":"https:\/\/omecom.com.mx\/#\/schema\/logo\/image\/"}}]}},"_links":{"self":[{"href":"https:\/\/omecom.com.mx\/en\/wp-json\/wp\/v2\/pages\/305","targetHints":{"allow":["GET"]}}],"collection":[{"href":"https:\/\/omecom.com.mx\/en\/wp-json\/wp\/v2\/pages"}],"about":[{"href":"https:\/\/omecom.com.mx\/en\/wp-json\/wp\/v2\/types\/page"}],"author":[{"embeddable":true,"href":"https:\/\/omecom.com.mx\/en\/wp-json\/wp\/v2\/users\/1"}],"replies":[{"embeddable":true,"href":"https:\/\/omecom.com.mx\/en\/wp-json\/wp\/v2\/comments?post=305"}],"version-history":[{"count":2,"href":"https:\/\/omecom.com.mx\/en\/wp-json\/wp\/v2\/pages\/305\/revisions"}],"predecessor-version":[{"id":449,"href":"https:\/\/omecom.com.mx\/en\/wp-json\/wp\/v2\/pages\/305\/revisions\/449"}],"up":[{"embeddable":true,"href":"https:\/\/omecom.com.mx\/en\/wp-json\/wp\/v2\/pages\/40"}],"wp:attachment":[{"href":"https:\/\/omecom.com.mx\/en\/wp-json\/wp\/v2\/media?parent=305"}],"curies":[{"name":"wp","href":"https:\/\/api.w.org\/{rel}","templated":true}]}}