{"id":284,"date":"2024-10-18T20:45:39","date_gmt":"2024-10-18T20:45:39","guid":{"rendered":"https:\/\/omecom.com.mx\/?page_id=284"},"modified":"2025-09-26T03:16:46","modified_gmt":"2025-09-26T03:16:46","slug":"produccion-audiovisual-2","status":"publish","type":"page","link":"https:\/\/omecom.com.mx\/en\/servicios\/produccion-audiovisual-2\/","title":{"rendered":"Audiovisual production"},"content":{"rendered":"<p class=\"has-text-align-center\" style=\"font-size:40px\"><\/p>\n\n\n\n<p>From writing a script, to a <strong>movie<\/strong> or a <strong>podcast<\/strong>We love to produce! Maybe we shouldn't say this, but it's what we love to do most (hehe). We develop <strong>creative visual concepts<\/strong> and originals that are seen and heard as commercials, series, short films, video clips, audio series, photo shoots, or reels and short videos for social media. <\/p>\n\n\n\n<p>We also offer services <strong>in post production<\/strong> with <strong>color correction<\/strong>, <strong>editing<\/strong>, <strong>audio design<\/strong>, <em><strong>motion graphics<\/strong><\/em> and <strong>musical composition<\/strong>. <\/p>\n\n\n\n<p><\/p>\n\n\n\n<figure class=\"wp-block-gallery has-nested-images columns-default is-cropped wp-block-gallery-1 is-layout-flex wp-block-gallery-is-layout-flex\">\n<figure class=\"wp-block-image size-large\"><img loading=\"lazy\" decoding=\"async\" width=\"1024\" height=\"1024\" data-id=\"242\" src=\"https:\/\/omecom.com.mx\/wp-content\/uploads\/2024\/10\/PRODUCCION-AUDIOVISUAL-1024x1024.jpg\" alt=\"\" class=\"wp-image-242\" srcset=\"https:\/\/omecom.com.mx\/wp-content\/uploads\/2024\/10\/PRODUCCION-AUDIOVISUAL-1024x1024.jpg 1024w, https:\/\/omecom.com.mx\/wp-content\/uploads\/2024\/10\/PRODUCCION-AUDIOVISUAL-300x300.jpg 300w, https:\/\/omecom.com.mx\/wp-content\/uploads\/2024\/10\/PRODUCCION-AUDIOVISUAL-150x150.jpg 150w, https:\/\/omecom.com.mx\/wp-content\/uploads\/2024\/10\/PRODUCCION-AUDIOVISUAL-768x768.jpg 768w, https:\/\/omecom.com.mx\/wp-content\/uploads\/2024\/10\/PRODUCCION-AUDIOVISUAL.jpg 1080w\" sizes=\"auto, (max-width: 1024px) 100vw, 1024px\" \/><figcaption class=\"wp-element-caption\">Video<\/figcaption><\/figure>\n\n\n\n<figure class=\"wp-block-image size-large\"><img loading=\"lazy\" decoding=\"async\" width=\"1024\" height=\"913\" data-id=\"244\" src=\"https:\/\/omecom.com.mx\/wp-content\/uploads\/2024\/10\/ALAN-ITURIEL-1-1024x913.jpg\" alt=\"\" class=\"wp-image-244\" srcset=\"https:\/\/omecom.com.mx\/wp-content\/uploads\/2024\/10\/ALAN-ITURIEL-1-1024x913.jpg 1024w, https:\/\/omecom.com.mx\/wp-content\/uploads\/2024\/10\/ALAN-ITURIEL-1-300x267.jpg 300w, https:\/\/omecom.com.mx\/wp-content\/uploads\/2024\/10\/ALAN-ITURIEL-1-768x685.jpg 768w, https:\/\/omecom.com.mx\/wp-content\/uploads\/2024\/10\/ALAN-ITURIEL-1-1536x1369.jpg 1536w, https:\/\/omecom.com.mx\/wp-content\/uploads\/2024\/10\/ALAN-ITURIEL-1-2048x1826.jpg 2048w\" sizes=\"auto, (max-width: 1024px) 100vw, 1024px\" \/><figcaption class=\"wp-element-caption\">Photography<\/figcaption><\/figure>\n\n\n\n<figure class=\"wp-block-image size-large\"><img loading=\"lazy\" decoding=\"async\" width=\"1024\" height=\"1024\" data-id=\"317\" src=\"https:\/\/omecom.com.mx\/wp-content\/uploads\/2024\/10\/AUDIO-Y-MUSICA-1024x1024.jpg\" alt=\"\" class=\"wp-image-317\" srcset=\"https:\/\/omecom.com.mx\/wp-content\/uploads\/2024\/10\/AUDIO-Y-MUSICA-1024x1024.jpg 1024w, https:\/\/omecom.com.mx\/wp-content\/uploads\/2024\/10\/AUDIO-Y-MUSICA-300x300.jpg 300w, https:\/\/omecom.com.mx\/wp-content\/uploads\/2024\/10\/AUDIO-Y-MUSICA-150x150.jpg 150w, https:\/\/omecom.com.mx\/wp-content\/uploads\/2024\/10\/AUDIO-Y-MUSICA-768x768.jpg 768w, https:\/\/omecom.com.mx\/wp-content\/uploads\/2024\/10\/AUDIO-Y-MUSICA.jpg 1080w\" sizes=\"auto, (max-width: 1024px) 100vw, 1024px\" \/><figcaption class=\"wp-element-caption\">Audio<\/figcaption><\/figure>\n\n\n\n<figure class=\"wp-block-image size-large\"><img loading=\"lazy\" decoding=\"async\" width=\"683\" height=\"1024\" data-id=\"313\" src=\"https:\/\/omecom.com.mx\/wp-content\/uploads\/2024\/10\/POSTER-EL-GUARDIAN-DEL-FARO-683x1024.jpg\" alt=\"\" class=\"wp-image-313\" srcset=\"https:\/\/omecom.com.mx\/wp-content\/uploads\/2024\/10\/POSTER-EL-GUARDIAN-DEL-FARO-683x1024.jpg 683w, https:\/\/omecom.com.mx\/wp-content\/uploads\/2024\/10\/POSTER-EL-GUARDIAN-DEL-FARO-200x300.jpg 200w, https:\/\/omecom.com.mx\/wp-content\/uploads\/2024\/10\/POSTER-EL-GUARDIAN-DEL-FARO-768x1152.jpg 768w, https:\/\/omecom.com.mx\/wp-content\/uploads\/2024\/10\/POSTER-EL-GUARDIAN-DEL-FARO.jpg 1000w\" sizes=\"auto, (max-width: 683px) 100vw, 683px\" \/><figcaption class=\"wp-element-caption\">Pel\u00edculas<\/figcaption><\/figure>\n<\/figure>","protected":false},"excerpt":{"rendered":"<p>Desde la escritura de un gui\u00f3n, hasta una pel\u00edcula o un podcast, \u00a1amamos producir! Quiz\u00e1s no deber\u00edamos decir esto, pero es lo que m\u00e1s nos gusta hacer (jeje). Desarrollamos conceptos visuales creativos y originales que se ven y escuchan como comerciales, series, cortos, videoclips, audioseries, sesiones fotogr\u00e1fica, o reels y videos cortos para redes sociales. [&hellip;]<\/p>\n","protected":false},"author":1,"featured_media":0,"parent":40,"menu_order":0,"comment_status":"closed","ping_status":"closed","template":"","meta":{"_coblocks_attr":"","_coblocks_dimensions":"","_coblocks_responsive_height":"","_coblocks_accordion_ie_support":"","footnotes":""},"class_list":["post-284","page","type-page","status-publish","hentry"],"yoast_head":"<!-- This site is optimized with the Yoast SEO plugin v27.6 - https:\/\/yoast.com\/product\/yoast-seo-wordpress\/ -->\n<title>Producci\u00f3n audiovisual - OMECOM<\/title>\n<meta name=\"robots\" content=\"index, follow, max-snippet:-1, max-image-preview:large, max-video-preview:-1\" \/>\n<link rel=\"canonical\" href=\"https:\/\/omecom.com.mx\/en\/servicios\/produccion-audiovisual-2\/\" \/>\n<meta property=\"og:locale\" content=\"en_US\" \/>\n<meta property=\"og:type\" content=\"article\" \/>\n<meta property=\"og:title\" content=\"Producci\u00f3n audiovisual - OMECOM\" \/>\n<meta property=\"og:description\" content=\"Desde la escritura de un gui\u00f3n, hasta una pel\u00edcula o un podcast, \u00a1amamos producir! Quiz\u00e1s no deber\u00edamos decir esto, pero es lo que m\u00e1s nos gusta hacer (jeje). Desarrollamos conceptos visuales creativos y originales que se ven y escuchan como comerciales, series, cortos, videoclips, audioseries, sesiones fotogr\u00e1fica, o reels y videos cortos para redes sociales. [&hellip;]\" \/>\n<meta property=\"og:url\" content=\"https:\/\/omecom.com.mx\/en\/servicios\/produccion-audiovisual-2\/\" \/>\n<meta property=\"og:site_name\" content=\"OMECOM\" \/>\n<meta property=\"article:modified_time\" content=\"2025-09-26T03:16:46+00:00\" \/>\n<meta property=\"og:image\" content=\"https:\/\/omecom.com.mx\/wp-content\/uploads\/2024\/10\/PRODUCCION-AUDIOVISUAL.jpg\" \/>\n\t<meta property=\"og:image:width\" content=\"1080\" \/>\n\t<meta property=\"og:image:height\" content=\"1080\" \/>\n\t<meta property=\"og:image:type\" content=\"image\/jpeg\" \/>\n<meta name=\"twitter:card\" content=\"summary_large_image\" \/>\n<meta name=\"twitter:label1\" content=\"Est. reading time\" \/>\n\t<meta name=\"twitter:data1\" content=\"2 minutes\" \/>\n<script type=\"application\/ld+json\" class=\"yoast-schema-graph\">{\"@context\":\"https:\\\/\\\/schema.org\",\"@graph\":[{\"@type\":\"WebPage\",\"@id\":\"https:\\\/\\\/omecom.com.mx\\\/servicios\\\/produccion-audiovisual-2\\\/\",\"url\":\"https:\\\/\\\/omecom.com.mx\\\/servicios\\\/produccion-audiovisual-2\\\/\",\"name\":\"Producci\u00f3n audiovisual - OMECOM\",\"isPartOf\":{\"@id\":\"https:\\\/\\\/omecom.com.mx\\\/#website\"},\"primaryImageOfPage\":{\"@id\":\"https:\\\/\\\/omecom.com.mx\\\/servicios\\\/produccion-audiovisual-2\\\/#primaryimage\"},\"image\":{\"@id\":\"https:\\\/\\\/omecom.com.mx\\\/servicios\\\/produccion-audiovisual-2\\\/#primaryimage\"},\"thumbnailUrl\":\"https:\\\/\\\/omecom.com.mx\\\/wp-content\\\/uploads\\\/2024\\\/10\\\/PRODUCCION-AUDIOVISUAL-1024x1024.jpg\",\"datePublished\":\"2024-10-18T20:45:39+00:00\",\"dateModified\":\"2025-09-26T03:16:46+00:00\",\"breadcrumb\":{\"@id\":\"https:\\\/\\\/omecom.com.mx\\\/servicios\\\/produccion-audiovisual-2\\\/#breadcrumb\"},\"inLanguage\":\"en-US\",\"potentialAction\":[{\"@type\":\"ReadAction\",\"target\":[\"https:\\\/\\\/omecom.com.mx\\\/servicios\\\/produccion-audiovisual-2\\\/\"]}]},{\"@type\":\"ImageObject\",\"inLanguage\":\"en-US\",\"@id\":\"https:\\\/\\\/omecom.com.mx\\\/servicios\\\/produccion-audiovisual-2\\\/#primaryimage\",\"url\":\"https:\\\/\\\/omecom.com.mx\\\/wp-content\\\/uploads\\\/2024\\\/10\\\/PRODUCCION-AUDIOVISUAL-1024x1024.jpg\",\"contentUrl\":\"https:\\\/\\\/omecom.com.mx\\\/wp-content\\\/uploads\\\/2024\\\/10\\\/PRODUCCION-AUDIOVISUAL-1024x1024.jpg\"},{\"@type\":\"BreadcrumbList\",\"@id\":\"https:\\\/\\\/omecom.com.mx\\\/servicios\\\/produccion-audiovisual-2\\\/#breadcrumb\",\"itemListElement\":[{\"@type\":\"ListItem\",\"position\":1,\"name\":\"Home\",\"item\":\"https:\\\/\\\/omecom.com.mx\\\/\"},{\"@type\":\"ListItem\",\"position\":2,\"name\":\"Servicios\",\"item\":\"https:\\\/\\\/omecom.com.mx\\\/servicios\\\/\"},{\"@type\":\"ListItem\",\"position\":3,\"name\":\"Producci\u00f3n audiovisual\"}]},{\"@type\":\"WebSite\",\"@id\":\"https:\\\/\\\/omecom.com.mx\\\/#website\",\"url\":\"https:\\\/\\\/omecom.com.mx\\\/\",\"name\":\"OMECOM\",\"description\":\"Agencia de comunicaci\u00f3n, publicidad, redes sociales, marketing y propiedad intelectual\",\"publisher\":{\"@id\":\"https:\\\/\\\/omecom.com.mx\\\/#organization\"},\"potentialAction\":[{\"@type\":\"SearchAction\",\"target\":{\"@type\":\"EntryPoint\",\"urlTemplate\":\"https:\\\/\\\/omecom.com.mx\\\/?s={search_term_string}\"},\"query-input\":{\"@type\":\"PropertyValueSpecification\",\"valueRequired\":true,\"valueName\":\"search_term_string\"}}],\"inLanguage\":\"en-US\"},{\"@type\":\"Organization\",\"@id\":\"https:\\\/\\\/omecom.com.mx\\\/#organization\",\"name\":\"OMECOM\",\"url\":\"https:\\\/\\\/omecom.com.mx\\\/\",\"logo\":{\"@type\":\"ImageObject\",\"inLanguage\":\"en-US\",\"@id\":\"https:\\\/\\\/omecom.com.mx\\\/#\\\/schema\\\/logo\\\/image\\\/\",\"url\":\"https:\\\/\\\/omecom.com.mx\\\/wp-content\\\/uploads\\\/2024\\\/10\\\/cropped-LOGO-OMECOM-_-CUADRADO-1-1.png\",\"contentUrl\":\"https:\\\/\\\/omecom.com.mx\\\/wp-content\\\/uploads\\\/2024\\\/10\\\/cropped-LOGO-OMECOM-_-CUADRADO-1-1.png\",\"width\":512,\"height\":512,\"caption\":\"OMECOM\"},\"image\":{\"@id\":\"https:\\\/\\\/omecom.com.mx\\\/#\\\/schema\\\/logo\\\/image\\\/\"}}]}<\/script>\n<!-- \/ Yoast SEO plugin. -->","yoast_head_json":{"title":"Producci\u00f3n audiovisual - OMECOM","robots":{"index":"index","follow":"follow","max-snippet":"max-snippet:-1","max-image-preview":"max-image-preview:large","max-video-preview":"max-video-preview:-1"},"canonical":"https:\/\/omecom.com.mx\/en\/servicios\/produccion-audiovisual-2\/","og_locale":"en_US","og_type":"article","og_title":"Producci\u00f3n audiovisual - OMECOM","og_description":"Desde la escritura de un gui\u00f3n, hasta una pel\u00edcula o un podcast, \u00a1amamos producir! Quiz\u00e1s no deber\u00edamos decir esto, pero es lo que m\u00e1s nos gusta hacer (jeje). Desarrollamos conceptos visuales creativos y originales que se ven y escuchan como comerciales, series, cortos, videoclips, audioseries, sesiones fotogr\u00e1fica, o reels y videos cortos para redes sociales. [&hellip;]","og_url":"https:\/\/omecom.com.mx\/en\/servicios\/produccion-audiovisual-2\/","og_site_name":"OMECOM","article_modified_time":"2025-09-26T03:16:46+00:00","og_image":[{"width":1080,"height":1080,"url":"https:\/\/omecom.com.mx\/wp-content\/uploads\/2024\/10\/PRODUCCION-AUDIOVISUAL.jpg","type":"image\/jpeg"}],"twitter_card":"summary_large_image","twitter_misc":{"Est. reading time":"2 minutes"},"schema":{"@context":"https:\/\/schema.org","@graph":[{"@type":"WebPage","@id":"https:\/\/omecom.com.mx\/servicios\/produccion-audiovisual-2\/","url":"https:\/\/omecom.com.mx\/servicios\/produccion-audiovisual-2\/","name":"Producci\u00f3n audiovisual - OMECOM","isPartOf":{"@id":"https:\/\/omecom.com.mx\/#website"},"primaryImageOfPage":{"@id":"https:\/\/omecom.com.mx\/servicios\/produccion-audiovisual-2\/#primaryimage"},"image":{"@id":"https:\/\/omecom.com.mx\/servicios\/produccion-audiovisual-2\/#primaryimage"},"thumbnailUrl":"https:\/\/omecom.com.mx\/wp-content\/uploads\/2024\/10\/PRODUCCION-AUDIOVISUAL-1024x1024.jpg","datePublished":"2024-10-18T20:45:39+00:00","dateModified":"2025-09-26T03:16:46+00:00","breadcrumb":{"@id":"https:\/\/omecom.com.mx\/servicios\/produccion-audiovisual-2\/#breadcrumb"},"inLanguage":"en-US","potentialAction":[{"@type":"ReadAction","target":["https:\/\/omecom.com.mx\/servicios\/produccion-audiovisual-2\/"]}]},{"@type":"ImageObject","inLanguage":"en-US","@id":"https:\/\/omecom.com.mx\/servicios\/produccion-audiovisual-2\/#primaryimage","url":"https:\/\/omecom.com.mx\/wp-content\/uploads\/2024\/10\/PRODUCCION-AUDIOVISUAL-1024x1024.jpg","contentUrl":"https:\/\/omecom.com.mx\/wp-content\/uploads\/2024\/10\/PRODUCCION-AUDIOVISUAL-1024x1024.jpg"},{"@type":"BreadcrumbList","@id":"https:\/\/omecom.com.mx\/servicios\/produccion-audiovisual-2\/#breadcrumb","itemListElement":[{"@type":"ListItem","position":1,"name":"Home","item":"https:\/\/omecom.com.mx\/"},{"@type":"ListItem","position":2,"name":"Servicios","item":"https:\/\/omecom.com.mx\/servicios\/"},{"@type":"ListItem","position":3,"name":"Producci\u00f3n audiovisual"}]},{"@type":"WebSite","@id":"https:\/\/omecom.com.mx\/#website","url":"https:\/\/omecom.com.mx\/","name":"OMECOM","description":"Agencia de comunicaci\u00f3n, publicidad, redes sociales, marketing y propiedad intelectual","publisher":{"@id":"https:\/\/omecom.com.mx\/#organization"},"potentialAction":[{"@type":"SearchAction","target":{"@type":"EntryPoint","urlTemplate":"https:\/\/omecom.com.mx\/?s={search_term_string}"},"query-input":{"@type":"PropertyValueSpecification","valueRequired":true,"valueName":"search_term_string"}}],"inLanguage":"en-US"},{"@type":"Organization","@id":"https:\/\/omecom.com.mx\/#organization","name":"OMECOM","url":"https:\/\/omecom.com.mx\/","logo":{"@type":"ImageObject","inLanguage":"en-US","@id":"https:\/\/omecom.com.mx\/#\/schema\/logo\/image\/","url":"https:\/\/omecom.com.mx\/wp-content\/uploads\/2024\/10\/cropped-LOGO-OMECOM-_-CUADRADO-1-1.png","contentUrl":"https:\/\/omecom.com.mx\/wp-content\/uploads\/2024\/10\/cropped-LOGO-OMECOM-_-CUADRADO-1-1.png","width":512,"height":512,"caption":"OMECOM"},"image":{"@id":"https:\/\/omecom.com.mx\/#\/schema\/logo\/image\/"}}]}},"_links":{"self":[{"href":"https:\/\/omecom.com.mx\/en\/wp-json\/wp\/v2\/pages\/284","targetHints":{"allow":["GET"]}}],"collection":[{"href":"https:\/\/omecom.com.mx\/en\/wp-json\/wp\/v2\/pages"}],"about":[{"href":"https:\/\/omecom.com.mx\/en\/wp-json\/wp\/v2\/types\/page"}],"author":[{"embeddable":true,"href":"https:\/\/omecom.com.mx\/en\/wp-json\/wp\/v2\/users\/1"}],"replies":[{"embeddable":true,"href":"https:\/\/omecom.com.mx\/en\/wp-json\/wp\/v2\/comments?post=284"}],"version-history":[{"count":4,"href":"https:\/\/omecom.com.mx\/en\/wp-json\/wp\/v2\/pages\/284\/revisions"}],"predecessor-version":[{"id":447,"href":"https:\/\/omecom.com.mx\/en\/wp-json\/wp\/v2\/pages\/284\/revisions\/447"}],"up":[{"embeddable":true,"href":"https:\/\/omecom.com.mx\/en\/wp-json\/wp\/v2\/pages\/40"}],"wp:attachment":[{"href":"https:\/\/omecom.com.mx\/en\/wp-json\/wp\/v2\/media?parent=284"}],"curies":[{"name":"wp","href":"https:\/\/api.w.org\/{rel}","templated":true}]}}