{"id":282,"date":"2024-10-18T20:41:14","date_gmt":"2024-10-18T20:41:14","guid":{"rendered":"https:\/\/omecom.com.mx\/?page_id=282"},"modified":"2025-09-26T03:16:06","modified_gmt":"2025-09-26T03:16:06","slug":"diseno-e-ilustracion","status":"publish","type":"page","link":"https:\/\/omecom.com.mx\/en\/servicios\/diseno-e-ilustracion\/","title":{"rendered":"Design and illustration"},"content":{"rendered":"<p class=\"has-text-align-center\" style=\"font-size:40px\"><\/p>\n\n\n\n<p>We're passionate about graphic design! Here we transform ideas into images that tell stories. But what are the applications? Take a look...<\/p>\n\n\n\n<p><strong>Graphic Design:<\/strong> From striking logos to business cards, we love playing with colors, shapes, and fonts to create something unique that reflects your style.<\/p>\n\n\n\n<p><strong>Digital Design:<\/strong> In an increasingly virtual world, your online presence is essential. Whether it's a vibrant website, eye-catching banners, or social media content, we help you capture your audience's attention with designs that shine on screen.<\/p>\n\n\n\n<p><strong>Editorial Design:<\/strong> Do you have a book, magazine, or catalog in mind? We take care of the layout, typography, and everything else you need to make your content flow beautifully and professionally. We can even print it for you!<\/p>\n\n\n\n<p><strong>Illustration<\/strong> From charming characters to detailed scenes, our illustrations add a personalized and unique touch to your projects. Whether for a story, a campaign, or a product, your ideas will be transformed into unforgettable visual works.<\/p>\n\n\n\n<p class=\"has-text-align-center\">Let's go see the images!<\/p>\n\n\n\n<p><\/p>\n\n\n\n<figure class=\"wp-block-gallery has-nested-images columns-2 is-cropped has-lightbox wp-block-gallery-1 is-layout-flex wp-block-gallery-is-layout-flex\">\n<figure class=\"wp-block-image size-large\"><img loading=\"lazy\" decoding=\"async\" width=\"806\" height=\"1024\" data-id=\"143\" src=\"https:\/\/omecom.com.mx\/wp-content\/uploads\/2024\/10\/ONOTO-806x1024.jpg\" alt=\"\" class=\"wp-image-143\" srcset=\"https:\/\/omecom.com.mx\/wp-content\/uploads\/2024\/10\/ONOTO-806x1024.jpg 806w, https:\/\/omecom.com.mx\/wp-content\/uploads\/2024\/10\/ONOTO-236x300.jpg 236w, https:\/\/omecom.com.mx\/wp-content\/uploads\/2024\/10\/ONOTO-768x976.jpg 768w, https:\/\/omecom.com.mx\/wp-content\/uploads\/2024\/10\/ONOTO.jpg 1000w\" sizes=\"auto, (max-width: 806px) 100vw, 806px\" \/><figcaption class=\"wp-element-caption\">Character design for the Onoto brand<\/figcaption><\/figure>\n\n\n\n<figure class=\"wp-block-image size-large\"><img loading=\"lazy\" decoding=\"async\" width=\"763\" height=\"1024\" data-id=\"142\" src=\"https:\/\/omecom.com.mx\/wp-content\/uploads\/2024\/10\/CELEBRACIONES-DE-MUERTOS-MORBIDO-MAGAZINE-763x1024.jpg\" alt=\"\" class=\"wp-image-142\" srcset=\"https:\/\/omecom.com.mx\/wp-content\/uploads\/2024\/10\/CELEBRACIONES-DE-MUERTOS-MORBIDO-MAGAZINE-763x1024.jpg 763w, https:\/\/omecom.com.mx\/wp-content\/uploads\/2024\/10\/CELEBRACIONES-DE-MUERTOS-MORBIDO-MAGAZINE-224x300.jpg 224w, https:\/\/omecom.com.mx\/wp-content\/uploads\/2024\/10\/CELEBRACIONES-DE-MUERTOS-MORBIDO-MAGAZINE-768x1031.jpg 768w, https:\/\/omecom.com.mx\/wp-content\/uploads\/2024\/10\/CELEBRACIONES-DE-MUERTOS-MORBIDO-MAGAZINE.jpg 1000w\" sizes=\"auto, (max-width: 763px) 100vw, 763px\" \/><figcaption class=\"wp-element-caption\">Morbido Magazine Cover <\/figcaption><\/figure>\n\n\n\n<figure class=\"wp-block-image size-large\"><img loading=\"lazy\" decoding=\"async\" width=\"768\" height=\"1024\" data-id=\"141\" src=\"https:\/\/omecom.com.mx\/wp-content\/uploads\/2024\/10\/GABO-CON-TODAS-SUS-LETRAS-768x1024.jpg\" alt=\"\" class=\"wp-image-141\" srcset=\"https:\/\/omecom.com.mx\/wp-content\/uploads\/2024\/10\/GABO-CON-TODAS-SUS-LETRAS-768x1025.jpg 768w, https:\/\/omecom.com.mx\/wp-content\/uploads\/2024\/10\/GABO-CON-TODAS-SUS-LETRAS-225x300.jpg 225w, https:\/\/omecom.com.mx\/wp-content\/uploads\/2024\/10\/GABO-CON-TODAS-SUS-LETRAS.jpg 1000w\" sizes=\"auto, (max-width: 768px) 100vw, 768px\" \/><figcaption class=\"wp-element-caption\">Campaign for Grupo Planeta<\/figcaption><\/figure>\n\n\n\n<figure class=\"wp-block-image size-large\"><img loading=\"lazy\" decoding=\"async\" width=\"786\" height=\"1024\" data-id=\"140\" src=\"https:\/\/omecom.com.mx\/wp-content\/uploads\/2024\/10\/REVENANTS-MORBIDO-MAGAZINE-786x1024.jpg\" alt=\"\" class=\"wp-image-140\" srcset=\"https:\/\/omecom.com.mx\/wp-content\/uploads\/2024\/10\/REVENANTS-MORBIDO-MAGAZINE-786x1024.jpg 786w, https:\/\/omecom.com.mx\/wp-content\/uploads\/2024\/10\/REVENANTS-MORBIDO-MAGAZINE-230x300.jpg 230w, https:\/\/omecom.com.mx\/wp-content\/uploads\/2024\/10\/REVENANTS-MORBIDO-MAGAZINE-768x1000.jpg 768w, https:\/\/omecom.com.mx\/wp-content\/uploads\/2024\/10\/REVENANTS-MORBIDO-MAGAZINE.jpg 1000w\" sizes=\"auto, (max-width: 786px) 100vw, 786px\" \/><figcaption class=\"wp-element-caption\">Les revenants for M\u00f3rbido Magazine<\/figcaption><\/figure>\n<\/figure>\n\n\n\n<p><\/p>","protected":false},"excerpt":{"rendered":"<p>\u00a1El dise\u00f1o gr\u00e1fico nos apasiona! Aqu\u00ed transformamos ideas en im\u00e1genes que cuentan historias. Pero, \u00bfcu\u00e1les son las aplicaciones? Mira&#8230; Dise\u00f1o Gr\u00e1fico: Desde logotipos impactantes hasta tarjetas de presentaci\u00f3n, nos encanta jugar con colores, formas y tipograf\u00edas para crear algo \u00fanico que refleje tu estilo. Dise\u00f1o Digital: En un mundo cada vez m\u00e1s virtual, tu presencia [&hellip;]<\/p>\n","protected":false},"author":1,"featured_media":0,"parent":40,"menu_order":0,"comment_status":"closed","ping_status":"closed","template":"","meta":{"_coblocks_attr":"","_coblocks_dimensions":"","_coblocks_responsive_height":"","_coblocks_accordion_ie_support":"","footnotes":""},"class_list":["post-282","page","type-page","status-publish","hentry"],"yoast_head":"<!-- This site is optimized with the Yoast SEO plugin v27.6 - https:\/\/yoast.com\/product\/yoast-seo-wordpress\/ -->\n<title>Dise\u00f1o e ilustraci\u00f3n - OMECOM<\/title>\n<meta name=\"robots\" content=\"index, follow, max-snippet:-1, max-image-preview:large, max-video-preview:-1\" \/>\n<link rel=\"canonical\" href=\"https:\/\/omecom.com.mx\/en\/servicios\/diseno-e-ilustracion\/\" \/>\n<meta property=\"og:locale\" content=\"en_US\" \/>\n<meta property=\"og:type\" content=\"article\" \/>\n<meta property=\"og:title\" content=\"Dise\u00f1o e ilustraci\u00f3n - OMECOM\" \/>\n<meta property=\"og:description\" content=\"\u00a1El dise\u00f1o gr\u00e1fico nos apasiona! Aqu\u00ed transformamos ideas en im\u00e1genes que cuentan historias. Pero, \u00bfcu\u00e1les son las aplicaciones? Mira&#8230; Dise\u00f1o Gr\u00e1fico: Desde logotipos impactantes hasta tarjetas de presentaci\u00f3n, nos encanta jugar con colores, formas y tipograf\u00edas para crear algo \u00fanico que refleje tu estilo. Dise\u00f1o Digital: En un mundo cada vez m\u00e1s virtual, tu presencia [&hellip;]\" \/>\n<meta property=\"og:url\" content=\"https:\/\/omecom.com.mx\/en\/servicios\/diseno-e-ilustracion\/\" \/>\n<meta property=\"og:site_name\" content=\"OMECOM\" \/>\n<meta property=\"article:modified_time\" content=\"2025-09-26T03:16:06+00:00\" \/>\n<meta property=\"og:image\" content=\"https:\/\/omecom.com.mx\/wp-content\/uploads\/2024\/10\/ONOTO.jpg\" \/>\n\t<meta property=\"og:image:width\" content=\"1000\" \/>\n\t<meta property=\"og:image:height\" content=\"1271\" \/>\n\t<meta property=\"og:image:type\" content=\"image\/jpeg\" \/>\n<meta name=\"twitter:card\" content=\"summary_large_image\" \/>\n<meta name=\"twitter:label1\" content=\"Est. reading time\" \/>\n\t<meta name=\"twitter:data1\" content=\"2 minutes\" \/>\n<script type=\"application\/ld+json\" class=\"yoast-schema-graph\">{\"@context\":\"https:\\\/\\\/schema.org\",\"@graph\":[{\"@type\":\"WebPage\",\"@id\":\"https:\\\/\\\/omecom.com.mx\\\/servicios\\\/diseno-e-ilustracion\\\/\",\"url\":\"https:\\\/\\\/omecom.com.mx\\\/servicios\\\/diseno-e-ilustracion\\\/\",\"name\":\"Dise\u00f1o e ilustraci\u00f3n - OMECOM\",\"isPartOf\":{\"@id\":\"https:\\\/\\\/omecom.com.mx\\\/#website\"},\"primaryImageOfPage\":{\"@id\":\"https:\\\/\\\/omecom.com.mx\\\/servicios\\\/diseno-e-ilustracion\\\/#primaryimage\"},\"image\":{\"@id\":\"https:\\\/\\\/omecom.com.mx\\\/servicios\\\/diseno-e-ilustracion\\\/#primaryimage\"},\"thumbnailUrl\":\"https:\\\/\\\/omecom.com.mx\\\/wp-content\\\/uploads\\\/2024\\\/10\\\/ONOTO-806x1024.jpg\",\"datePublished\":\"2024-10-18T20:41:14+00:00\",\"dateModified\":\"2025-09-26T03:16:06+00:00\",\"breadcrumb\":{\"@id\":\"https:\\\/\\\/omecom.com.mx\\\/servicios\\\/diseno-e-ilustracion\\\/#breadcrumb\"},\"inLanguage\":\"en-US\",\"potentialAction\":[{\"@type\":\"ReadAction\",\"target\":[\"https:\\\/\\\/omecom.com.mx\\\/servicios\\\/diseno-e-ilustracion\\\/\"]}]},{\"@type\":\"ImageObject\",\"inLanguage\":\"en-US\",\"@id\":\"https:\\\/\\\/omecom.com.mx\\\/servicios\\\/diseno-e-ilustracion\\\/#primaryimage\",\"url\":\"https:\\\/\\\/omecom.com.mx\\\/wp-content\\\/uploads\\\/2024\\\/10\\\/ONOTO-806x1024.jpg\",\"contentUrl\":\"https:\\\/\\\/omecom.com.mx\\\/wp-content\\\/uploads\\\/2024\\\/10\\\/ONOTO-806x1024.jpg\"},{\"@type\":\"BreadcrumbList\",\"@id\":\"https:\\\/\\\/omecom.com.mx\\\/servicios\\\/diseno-e-ilustracion\\\/#breadcrumb\",\"itemListElement\":[{\"@type\":\"ListItem\",\"position\":1,\"name\":\"Home\",\"item\":\"https:\\\/\\\/omecom.com.mx\\\/\"},{\"@type\":\"ListItem\",\"position\":2,\"name\":\"Servicios\",\"item\":\"https:\\\/\\\/omecom.com.mx\\\/servicios\\\/\"},{\"@type\":\"ListItem\",\"position\":3,\"name\":\"Dise\u00f1o e ilustraci\u00f3n\"}]},{\"@type\":\"WebSite\",\"@id\":\"https:\\\/\\\/omecom.com.mx\\\/#website\",\"url\":\"https:\\\/\\\/omecom.com.mx\\\/\",\"name\":\"OMECOM\",\"description\":\"Agencia de comunicaci\u00f3n, publicidad, redes sociales, marketing y propiedad intelectual\",\"publisher\":{\"@id\":\"https:\\\/\\\/omecom.com.mx\\\/#organization\"},\"potentialAction\":[{\"@type\":\"SearchAction\",\"target\":{\"@type\":\"EntryPoint\",\"urlTemplate\":\"https:\\\/\\\/omecom.com.mx\\\/?s={search_term_string}\"},\"query-input\":{\"@type\":\"PropertyValueSpecification\",\"valueRequired\":true,\"valueName\":\"search_term_string\"}}],\"inLanguage\":\"en-US\"},{\"@type\":\"Organization\",\"@id\":\"https:\\\/\\\/omecom.com.mx\\\/#organization\",\"name\":\"OMECOM\",\"url\":\"https:\\\/\\\/omecom.com.mx\\\/\",\"logo\":{\"@type\":\"ImageObject\",\"inLanguage\":\"en-US\",\"@id\":\"https:\\\/\\\/omecom.com.mx\\\/#\\\/schema\\\/logo\\\/image\\\/\",\"url\":\"https:\\\/\\\/omecom.com.mx\\\/wp-content\\\/uploads\\\/2024\\\/10\\\/cropped-LOGO-OMECOM-_-CUADRADO-1-1.png\",\"contentUrl\":\"https:\\\/\\\/omecom.com.mx\\\/wp-content\\\/uploads\\\/2024\\\/10\\\/cropped-LOGO-OMECOM-_-CUADRADO-1-1.png\",\"width\":512,\"height\":512,\"caption\":\"OMECOM\"},\"image\":{\"@id\":\"https:\\\/\\\/omecom.com.mx\\\/#\\\/schema\\\/logo\\\/image\\\/\"}}]}<\/script>\n<!-- \/ Yoast SEO plugin. -->","yoast_head_json":{"title":"Dise\u00f1o e ilustraci\u00f3n - OMECOM","robots":{"index":"index","follow":"follow","max-snippet":"max-snippet:-1","max-image-preview":"max-image-preview:large","max-video-preview":"max-video-preview:-1"},"canonical":"https:\/\/omecom.com.mx\/en\/servicios\/diseno-e-ilustracion\/","og_locale":"en_US","og_type":"article","og_title":"Dise\u00f1o e ilustraci\u00f3n - OMECOM","og_description":"\u00a1El dise\u00f1o gr\u00e1fico nos apasiona! Aqu\u00ed transformamos ideas en im\u00e1genes que cuentan historias. Pero, \u00bfcu\u00e1les son las aplicaciones? Mira&#8230; Dise\u00f1o Gr\u00e1fico: Desde logotipos impactantes hasta tarjetas de presentaci\u00f3n, nos encanta jugar con colores, formas y tipograf\u00edas para crear algo \u00fanico que refleje tu estilo. Dise\u00f1o Digital: En un mundo cada vez m\u00e1s virtual, tu presencia [&hellip;]","og_url":"https:\/\/omecom.com.mx\/en\/servicios\/diseno-e-ilustracion\/","og_site_name":"OMECOM","article_modified_time":"2025-09-26T03:16:06+00:00","og_image":[{"width":1000,"height":1271,"url":"https:\/\/omecom.com.mx\/wp-content\/uploads\/2024\/10\/ONOTO.jpg","type":"image\/jpeg"}],"twitter_card":"summary_large_image","twitter_misc":{"Est. reading time":"2 minutes"},"schema":{"@context":"https:\/\/schema.org","@graph":[{"@type":"WebPage","@id":"https:\/\/omecom.com.mx\/servicios\/diseno-e-ilustracion\/","url":"https:\/\/omecom.com.mx\/servicios\/diseno-e-ilustracion\/","name":"Dise\u00f1o e ilustraci\u00f3n - OMECOM","isPartOf":{"@id":"https:\/\/omecom.com.mx\/#website"},"primaryImageOfPage":{"@id":"https:\/\/omecom.com.mx\/servicios\/diseno-e-ilustracion\/#primaryimage"},"image":{"@id":"https:\/\/omecom.com.mx\/servicios\/diseno-e-ilustracion\/#primaryimage"},"thumbnailUrl":"https:\/\/omecom.com.mx\/wp-content\/uploads\/2024\/10\/ONOTO-806x1024.jpg","datePublished":"2024-10-18T20:41:14+00:00","dateModified":"2025-09-26T03:16:06+00:00","breadcrumb":{"@id":"https:\/\/omecom.com.mx\/servicios\/diseno-e-ilustracion\/#breadcrumb"},"inLanguage":"en-US","potentialAction":[{"@type":"ReadAction","target":["https:\/\/omecom.com.mx\/servicios\/diseno-e-ilustracion\/"]}]},{"@type":"ImageObject","inLanguage":"en-US","@id":"https:\/\/omecom.com.mx\/servicios\/diseno-e-ilustracion\/#primaryimage","url":"https:\/\/omecom.com.mx\/wp-content\/uploads\/2024\/10\/ONOTO-806x1024.jpg","contentUrl":"https:\/\/omecom.com.mx\/wp-content\/uploads\/2024\/10\/ONOTO-806x1024.jpg"},{"@type":"BreadcrumbList","@id":"https:\/\/omecom.com.mx\/servicios\/diseno-e-ilustracion\/#breadcrumb","itemListElement":[{"@type":"ListItem","position":1,"name":"Home","item":"https:\/\/omecom.com.mx\/"},{"@type":"ListItem","position":2,"name":"Servicios","item":"https:\/\/omecom.com.mx\/servicios\/"},{"@type":"ListItem","position":3,"name":"Dise\u00f1o e ilustraci\u00f3n"}]},{"@type":"WebSite","@id":"https:\/\/omecom.com.mx\/#website","url":"https:\/\/omecom.com.mx\/","name":"OMECOM","description":"Agencia de comunicaci\u00f3n, publicidad, redes sociales, marketing y propiedad intelectual","publisher":{"@id":"https:\/\/omecom.com.mx\/#organization"},"potentialAction":[{"@type":"SearchAction","target":{"@type":"EntryPoint","urlTemplate":"https:\/\/omecom.com.mx\/?s={search_term_string}"},"query-input":{"@type":"PropertyValueSpecification","valueRequired":true,"valueName":"search_term_string"}}],"inLanguage":"en-US"},{"@type":"Organization","@id":"https:\/\/omecom.com.mx\/#organization","name":"OMECOM","url":"https:\/\/omecom.com.mx\/","logo":{"@type":"ImageObject","inLanguage":"en-US","@id":"https:\/\/omecom.com.mx\/#\/schema\/logo\/image\/","url":"https:\/\/omecom.com.mx\/wp-content\/uploads\/2024\/10\/cropped-LOGO-OMECOM-_-CUADRADO-1-1.png","contentUrl":"https:\/\/omecom.com.mx\/wp-content\/uploads\/2024\/10\/cropped-LOGO-OMECOM-_-CUADRADO-1-1.png","width":512,"height":512,"caption":"OMECOM"},"image":{"@id":"https:\/\/omecom.com.mx\/#\/schema\/logo\/image\/"}}]}},"_links":{"self":[{"href":"https:\/\/omecom.com.mx\/en\/wp-json\/wp\/v2\/pages\/282","targetHints":{"allow":["GET"]}}],"collection":[{"href":"https:\/\/omecom.com.mx\/en\/wp-json\/wp\/v2\/pages"}],"about":[{"href":"https:\/\/omecom.com.mx\/en\/wp-json\/wp\/v2\/types\/page"}],"author":[{"embeddable":true,"href":"https:\/\/omecom.com.mx\/en\/wp-json\/wp\/v2\/users\/1"}],"replies":[{"embeddable":true,"href":"https:\/\/omecom.com.mx\/en\/wp-json\/wp\/v2\/comments?post=282"}],"version-history":[{"count":7,"href":"https:\/\/omecom.com.mx\/en\/wp-json\/wp\/v2\/pages\/282\/revisions"}],"predecessor-version":[{"id":445,"href":"https:\/\/omecom.com.mx\/en\/wp-json\/wp\/v2\/pages\/282\/revisions\/445"}],"up":[{"embeddable":true,"href":"https:\/\/omecom.com.mx\/en\/wp-json\/wp\/v2\/pages\/40"}],"wp:attachment":[{"href":"https:\/\/omecom.com.mx\/en\/wp-json\/wp\/v2\/media?parent=282"}],"curies":[{"name":"wp","href":"https:\/\/api.w.org\/{rel}","templated":true}]}}